{"id":6,"date":"2021-05-10T10:09:31","date_gmt":"2021-05-10T10:09:31","guid":{"rendered":"http:\/\/ikosz.hu\/?page_id=6"},"modified":"2021-05-10T10:32:52","modified_gmt":"2021-05-10T10:32:52","slug":"fooldal","status":"publish","type":"page","link":"https:\/\/ikosz.hu\/en\/","title":{"rendered":"F\u0151oldal"},"content":{"rendered":"\n<div class=\"wp-block-cover has-background-dim\"><img loading=\"lazy\" decoding=\"async\" width=\"1707\" height=\"1138\" class=\"wp-block-cover__image-background wp-image-11\" alt=\"\" src=\"https:\/\/ikosz.hu\/wp-content\/uploads\/2021\/05\/nathan-riley-9q3I8XhesQI-unsplash.jpg\" data-object-fit=\"cover\" srcset=\"https:\/\/ikosz.hu\/wp-content\/uploads\/2021\/05\/nathan-riley-9q3I8XhesQI-unsplash.jpg 1707w, https:\/\/ikosz.hu\/wp-content\/uploads\/2021\/05\/nathan-riley-9q3I8XhesQI-unsplash-300x200.jpg 300w, https:\/\/ikosz.hu\/wp-content\/uploads\/2021\/05\/nathan-riley-9q3I8XhesQI-unsplash-1024x683.jpg 1024w, https:\/\/ikosz.hu\/wp-content\/uploads\/2021\/05\/nathan-riley-9q3I8XhesQI-unsplash-768x512.jpg 768w, https:\/\/ikosz.hu\/wp-content\/uploads\/2021\/05\/nathan-riley-9q3I8XhesQI-unsplash-1536x1024.jpg 1536w\" sizes=\"auto, (max-width: 1707px) 100vw, 1707px\" \/><div class=\"wp-block-cover__inner-container is-layout-flow wp-block-cover-is-layout-flow\">\n<p class=\"has-text-align-center has-white-color has-text-color has-large-font-size\">\u00dcdv\u00f6z\u00f6llek az IKOSZ honlapj\u00e1n!<\/p>\n<\/div><\/div>\n\n\n\n<div class=\"wp-block-media-text alignwide is-stacked-on-mobile\"><figure class=\"wp-block-media-text__media\"><img loading=\"lazy\" decoding=\"async\" width=\"1024\" height=\"1024\" src=\"https:\/\/ikosz.hu\/wp-content\/uploads\/2021\/05\/howard-lawrence-b-RSCirJ70NDM-unsplash-1024x1024.jpg\" alt=\"\" class=\"wp-image-8 size-full\" srcset=\"https:\/\/ikosz.hu\/wp-content\/uploads\/2021\/05\/howard-lawrence-b-RSCirJ70NDM-unsplash.jpg 1024w, https:\/\/ikosz.hu\/wp-content\/uploads\/2021\/05\/howard-lawrence-b-RSCirJ70NDM-unsplash-300x300.jpg 300w, https:\/\/ikosz.hu\/wp-content\/uploads\/2021\/05\/howard-lawrence-b-RSCirJ70NDM-unsplash-150x150.jpg 150w, https:\/\/ikosz.hu\/wp-content\/uploads\/2021\/05\/howard-lawrence-b-RSCirJ70NDM-unsplash-768x768.jpg 768w\" sizes=\"auto, (max-width: 1024px) 100vw, 1024px\" \/><\/figure><div class=\"wp-block-media-text__content\">\n<p class=\"has-large-font-size\">Egyedi B\u00fatorok, klaszterterm\u00e9kek, minden!<\/p>\n<\/div><\/div>\n\n\n\n<h2 class=\"wp-block-heading\"><\/h2>\n","protected":false},"excerpt":{"rendered":"<p>Egyedi B\u00fatorok, klaszterterm\u00e9kek, minden!<\/p>\n","protected":false},"author":1,"featured_media":0,"parent":0,"menu_order":0,"comment_status":"closed","ping_status":"closed","template":"","meta":{"_acf_changed":false,"footnotes":""},"class_list":["post-6","page","type-page","status-publish","hentry"],"acf":[],"yoast_head":"<!-- This site is optimized with the Yoast SEO plugin v27.5 - https:\/\/yoast.com\/product\/yoast-seo-wordpress\/ -->\n<title>F\u0151oldal - ikosz<\/title>\n<meta name=\"robots\" content=\"index, follow, max-snippet:-1, max-image-preview:large, max-video-preview:-1\" \/>\n<link rel=\"canonical\" href=\"https:\/\/ikosz.hu\/en\/\" \/>\n<meta property=\"og:locale\" content=\"en_US\" \/>\n<meta property=\"og:type\" content=\"article\" \/>\n<meta property=\"og:title\" content=\"F\u0151oldal - ikosz\" \/>\n<meta property=\"og:description\" content=\"Egyedi B\u00fatorok, klaszterterm\u00e9kek, minden!\" \/>\n<meta property=\"og:url\" content=\"https:\/\/ikosz.hu\/en\/\" \/>\n<meta property=\"og:site_name\" content=\"ikosz\" \/>\n<meta property=\"article:modified_time\" content=\"2021-05-10T10:32:52+00:00\" \/>\n<meta property=\"og:image\" content=\"https:\/\/ikosz.hu\/wp-content\/uploads\/2021\/05\/nathan-riley-9q3I8XhesQI-unsplash.jpg\" \/>\n<meta name=\"twitter:card\" content=\"summary_large_image\" \/>\n<script type=\"application\/ld+json\" class=\"yoast-schema-graph\">{\"@context\":\"https:\\\/\\\/schema.org\",\"@graph\":[{\"@type\":\"WebPage\",\"@id\":\"https:\\\/\\\/ikosz.hu\\\/en\\\/\",\"url\":\"https:\\\/\\\/ikosz.hu\\\/en\\\/\",\"name\":\"F\u0151oldal - ikosz\",\"isPartOf\":{\"@id\":\"https:\\\/\\\/ikosz.hu\\\/en\\\/#website\"},\"primaryImageOfPage\":{\"@id\":\"https:\\\/\\\/ikosz.hu\\\/en\\\/#primaryimage\"},\"image\":{\"@id\":\"https:\\\/\\\/ikosz.hu\\\/en\\\/#primaryimage\"},\"thumbnailUrl\":\"https:\\\/\\\/ikosz.hu\\\/wp-content\\\/uploads\\\/2021\\\/05\\\/nathan-riley-9q3I8XhesQI-unsplash.jpg\",\"datePublished\":\"2021-05-10T10:09:31+00:00\",\"dateModified\":\"2021-05-10T10:32:52+00:00\",\"inLanguage\":\"en-US\",\"potentialAction\":[{\"@type\":\"ReadAction\",\"target\":[\"https:\\\/\\\/ikosz.hu\\\/en\\\/\"]}]},{\"@type\":\"ImageObject\",\"inLanguage\":\"en-US\",\"@id\":\"https:\\\/\\\/ikosz.hu\\\/en\\\/#primaryimage\",\"url\":\"https:\\\/\\\/ikosz.hu\\\/wp-content\\\/uploads\\\/2021\\\/05\\\/nathan-riley-9q3I8XhesQI-unsplash.jpg\",\"contentUrl\":\"https:\\\/\\\/ikosz.hu\\\/wp-content\\\/uploads\\\/2021\\\/05\\\/nathan-riley-9q3I8XhesQI-unsplash.jpg\"},{\"@type\":\"WebSite\",\"@id\":\"https:\\\/\\\/ikosz.hu\\\/en\\\/#website\",\"url\":\"https:\\\/\\\/ikosz.hu\\\/en\\\/\",\"name\":\"ikosz\",\"description\":\"Innovat\u00edv Klaszterek Orsz\u00e1gos Sz\u00f6vets\u00e9ge\",\"potentialAction\":[{\"@type\":\"SearchAction\",\"target\":{\"@type\":\"EntryPoint\",\"urlTemplate\":\"https:\\\/\\\/ikosz.hu\\\/en\\\/?s={search_term_string}\"},\"query-input\":{\"@type\":\"PropertyValueSpecification\",\"valueRequired\":true,\"valueName\":\"search_term_string\"}}],\"inLanguage\":\"en-US\"}]}<\/script>\n<!-- \/ Yoast SEO plugin. -->","yoast_head_json":{"title":"F\u0151oldal - ikosz","robots":{"index":"index","follow":"follow","max-snippet":"max-snippet:-1","max-image-preview":"max-image-preview:large","max-video-preview":"max-video-preview:-1"},"canonical":"https:\/\/ikosz.hu\/en\/","og_locale":"en_US","og_type":"article","og_title":"F\u0151oldal - ikosz","og_description":"Egyedi B\u00fatorok, klaszterterm\u00e9kek, minden!","og_url":"https:\/\/ikosz.hu\/en\/","og_site_name":"ikosz","article_modified_time":"2021-05-10T10:32:52+00:00","og_image":[{"url":"https:\/\/ikosz.hu\/wp-content\/uploads\/2021\/05\/nathan-riley-9q3I8XhesQI-unsplash.jpg","type":"","width":"","height":""}],"twitter_card":"summary_large_image","schema":{"@context":"https:\/\/schema.org","@graph":[{"@type":"WebPage","@id":"https:\/\/ikosz.hu\/en\/","url":"https:\/\/ikosz.hu\/en\/","name":"F\u0151oldal - ikosz","isPartOf":{"@id":"https:\/\/ikosz.hu\/en\/#website"},"primaryImageOfPage":{"@id":"https:\/\/ikosz.hu\/en\/#primaryimage"},"image":{"@id":"https:\/\/ikosz.hu\/en\/#primaryimage"},"thumbnailUrl":"https:\/\/ikosz.hu\/wp-content\/uploads\/2021\/05\/nathan-riley-9q3I8XhesQI-unsplash.jpg","datePublished":"2021-05-10T10:09:31+00:00","dateModified":"2021-05-10T10:32:52+00:00","inLanguage":"en-US","potentialAction":[{"@type":"ReadAction","target":["https:\/\/ikosz.hu\/en\/"]}]},{"@type":"ImageObject","inLanguage":"en-US","@id":"https:\/\/ikosz.hu\/en\/#primaryimage","url":"https:\/\/ikosz.hu\/wp-content\/uploads\/2021\/05\/nathan-riley-9q3I8XhesQI-unsplash.jpg","contentUrl":"https:\/\/ikosz.hu\/wp-content\/uploads\/2021\/05\/nathan-riley-9q3I8XhesQI-unsplash.jpg"},{"@type":"WebSite","@id":"https:\/\/ikosz.hu\/en\/#website","url":"https:\/\/ikosz.hu\/en\/","name":"ikosz","description":"Innovat\u00edv Klaszterek Orsz\u00e1gos Sz\u00f6vets\u00e9ge","potentialAction":[{"@type":"SearchAction","target":{"@type":"EntryPoint","urlTemplate":"https:\/\/ikosz.hu\/en\/?s={search_term_string}"},"query-input":{"@type":"PropertyValueSpecification","valueRequired":true,"valueName":"search_term_string"}}],"inLanguage":"en-US"}]}},"_links":{"self":[{"href":"https:\/\/ikosz.hu\/en\/wp-json\/wp\/v2\/pages\/6","targetHints":{"allow":["GET"]}}],"collection":[{"href":"https:\/\/ikosz.hu\/en\/wp-json\/wp\/v2\/pages"}],"about":[{"href":"https:\/\/ikosz.hu\/en\/wp-json\/wp\/v2\/types\/page"}],"author":[{"embeddable":true,"href":"https:\/\/ikosz.hu\/en\/wp-json\/wp\/v2\/users\/1"}],"replies":[{"embeddable":true,"href":"https:\/\/ikosz.hu\/en\/wp-json\/wp\/v2\/comments?post=6"}],"version-history":[{"count":5,"href":"https:\/\/ikosz.hu\/en\/wp-json\/wp\/v2\/pages\/6\/revisions"}],"predecessor-version":[{"id":13,"href":"https:\/\/ikosz.hu\/en\/wp-json\/wp\/v2\/pages\/6\/revisions\/13"}],"wp:attachment":[{"href":"https:\/\/ikosz.hu\/en\/wp-json\/wp\/v2\/media?parent=6"}],"curies":[{"name":"wp","href":"https:\/\/api.w.org\/{rel}","templated":true}]}}