{"id":43,"date":"2021-05-12T10:59:09","date_gmt":"2021-05-12T10:59:09","guid":{"rendered":"http:\/\/ikosz.hu\/?page_id=43"},"modified":"2025-11-27T09:18:20","modified_gmt":"2025-11-27T09:18:20","slug":"kapcsolat","status":"publish","type":"page","link":"https:\/\/ikosz.hu\/en\/kapcsolat\/","title":{"rendered":"Contact"},"content":{"rendered":"<p>&nbsp;<\/p>\r\n\r\n<h2 class=\"has-text-color wp-block-heading\" style=\"color: #29abe2;\">Eln\u00f6ks\u00e9g el\u00e9rhet\u0151s\u00e9gei<\/h2>\r\n\r\n<p>&nbsp;<\/p>\r\n\r\n<p><strong>Fedor Ferenc<\/strong><br \/>Eln\u00f6k<br \/><span style=\"color: #00ccff;\">fedor.ferenc@geochem-ltd.eu<\/span><\/p>\r\n<p>+36 30 689 3103<\/p>\r\n<p>&nbsp;<\/p>\r\n<p><strong>Somogyi Mikl\u00f3s<\/strong><br \/>F\u0151titk\u00e1r<br \/><span style=\"color: #00ccff;\">somogyi@chic.hu<br \/><\/span>+36 30 207 5638<\/p>\r\n<p>&nbsp;<\/p>\r\n<p><strong>Gonda \u00c1gnes<\/strong><br \/>Gazdas\u00e1gi igazgat\u00f3<br \/><span style=\"color: #00ccff;\">agness.gonda@gmail.com<\/span><\/p>\r\n<p>+36 30 951 8611<\/p>\r\n<p>&nbsp;<\/p>\r\n\r\n<p>&nbsp;<\/p>\r\n\r\n<p>&nbsp;<\/p>\r\n\r\n<p>&nbsp;<\/p>\r\n\r\n<h2 class=\"has-text-color wp-block-heading\" style=\"color: #29abe2;\">Presidency contact details<\/h2>\r\n\r\n<p>&nbsp;<\/p>\r\n<p><strong>Ferenc Fedor<\/strong><br \/>President<\/p>\r\n<p><span style=\"color: #00ccff;\">fedor.ferenc@geochem-ltd.eu<\/span><\/p>\r\n<p>+36 30 689 3103<\/p>\r\n<p>&nbsp;<\/p>\r\n<p><strong>Mikl\u00f3s Somogyi<\/strong><br \/>Secretary General<br \/><span style=\"color: #00ccff;\">somogyi@chic.hu<br \/><\/span>+36 30 207 5638<\/p>\r\n<p>&nbsp;<\/p>\r\n<p><strong>\u00c1gnes Gonda<\/strong><br \/>Chief Financial Officer<br \/><span style=\"color: #00ccff;\">agness.gonda@gmail.com<\/span><\/p>\r\n<p>+36 30 951 8611<\/p>\r\n\r\n<p>&nbsp;<\/p>\r\n<!-- \/wp:heading --><!-- wp:post-content --><!-- wp:heading {\"style\":{\"color\":{\"text\":\"#29abe2\"}}} -->\r\n<p>&nbsp;<\/p>\r\n<!-- wp:heading {\"style\":{\"color\":{\"text\":\"#29abe2\"}}} -->\r\n<h2 class=\"has-text-color\" style=\"color: #29abe2;\">Presidency contact details<\/h2>\r\n<!-- \/wp:heading -->\r\n<p>&nbsp;<\/p>\r\n<p><strong>Ferenc Fedor<\/strong><br \/>President<\/p>\r\n<p><span style=\"color: #00ccff;\">fedor.ferenc@geochem-ltd.eu<\/span><\/p>\r\n<p>+36 30 689 3103<\/p>\r\n<p>&nbsp;<\/p>\r\n<p><strong>Mikl\u00f3s Somogyi<\/strong><br \/>Secretary General<br \/><span style=\"color: #00ccff;\">somogyi@chic.hu<br \/><\/span>+36 30 207 5638<\/p>\r\n<p>&nbsp;<\/p>\r\n<p><strong>\u00c1gnes Gonda<\/strong><br \/>Chief Financial Officer<br \/><span style=\"color: #00ccff;\">agness.gonda@gmail.com<\/span><\/p>\r\n<p>+36 30 951 8611<\/p>\r\n<!-- wp:paragraph -->\r\n<p>&nbsp;<\/p>\r\n<!-- \/wp:paragraph --><!-- \/wp:post-content -->","protected":false},"excerpt":{"rendered":"<p>&nbsp; Presidency contact details &nbsp; Ferenc FedorPresident fedor.ferenc@geochem-ltd.eu +36 30 689 3103 &nbsp; Mikl\u00f3s SomogyiSecretary Generalsomogyi@chic.hu+36 30 207 5638 &nbsp; [&hellip;]<\/p>\n","protected":false},"author":1,"featured_media":0,"parent":0,"menu_order":0,"comment_status":"closed","ping_status":"closed","template":"template-2_col_page.php","meta":{"_acf_changed":false,"footnotes":""},"class_list":["post-43","page","type-page","status-publish","hentry"],"acf":[],"yoast_head":"<!-- This site is optimized with the Yoast SEO plugin v27.3 - https:\/\/yoast.com\/product\/yoast-seo-wordpress\/ -->\n<title>Contact - ikosz<\/title>\n<meta name=\"robots\" content=\"index, follow, max-snippet:-1, max-image-preview:large, max-video-preview:-1\" \/>\n<link rel=\"canonical\" href=\"https:\/\/ikosz.hu\/kapcsolat\/\" \/>\n<meta property=\"og:locale\" content=\"en_US\" \/>\n<meta property=\"og:type\" content=\"article\" \/>\n<meta property=\"og:title\" content=\"Contact - ikosz\" \/>\n<meta property=\"og:description\" content=\"&nbsp; Presidency contact details &nbsp; Ferenc FedorPresident fedor.ferenc@geochem-ltd.eu +36 30 689 3103 &nbsp; Mikl\u00f3s SomogyiSecretary Generalsomogyi@chic.hu+36 30 207 5638 &nbsp; [&hellip;]\" \/>\n<meta property=\"og:url\" content=\"https:\/\/ikosz.hu\/kapcsolat\/\" \/>\n<meta property=\"og:site_name\" content=\"ikosz\" \/>\n<meta property=\"article:modified_time\" content=\"2025-11-27T09:18:20+00:00\" \/>\n<meta name=\"twitter:card\" content=\"summary_large_image\" \/>\n<meta name=\"twitter:label1\" content=\"Est. reading time\" \/>\n\t<meta name=\"twitter:data1\" content=\"1 minute\" \/>\n<script type=\"application\/ld+json\" class=\"yoast-schema-graph\">{\"@context\":\"https:\\\/\\\/schema.org\",\"@graph\":[{\"@type\":\"WebPage\",\"@id\":\"https:\\\/\\\/ikosz.hu\\\/kapcsolat\\\/\",\"url\":\"https:\\\/\\\/ikosz.hu\\\/kapcsolat\\\/\",\"name\":\"[:hu]Kapcsolat[:en]Contact[:] - ikosz\",\"isPartOf\":{\"@id\":\"https:\\\/\\\/ikosz.hu\\\/en\\\/#website\"},\"datePublished\":\"2021-05-12T10:59:09+00:00\",\"dateModified\":\"2025-11-27T09:18:20+00:00\",\"inLanguage\":\"en-US\",\"potentialAction\":[{\"@type\":\"ReadAction\",\"target\":[\"https:\\\/\\\/ikosz.hu\\\/kapcsolat\\\/\"]}]},{\"@type\":\"WebSite\",\"@id\":\"https:\\\/\\\/ikosz.hu\\\/en\\\/#website\",\"url\":\"https:\\\/\\\/ikosz.hu\\\/en\\\/\",\"name\":\"ikosz\",\"description\":\"Innovat\u00edv Klaszterek Orsz\u00e1gos Sz\u00f6vets\u00e9ge\",\"potentialAction\":[{\"@type\":\"SearchAction\",\"target\":{\"@type\":\"EntryPoint\",\"urlTemplate\":\"https:\\\/\\\/ikosz.hu\\\/en\\\/?s={search_term_string}\"},\"query-input\":{\"@type\":\"PropertyValueSpecification\",\"valueRequired\":true,\"valueName\":\"search_term_string\"}}],\"inLanguage\":\"en-US\"}]}<\/script>\n<!-- \/ Yoast SEO plugin. -->","yoast_head_json":{"title":"Contact - ikosz","robots":{"index":"index","follow":"follow","max-snippet":"max-snippet:-1","max-image-preview":"max-image-preview:large","max-video-preview":"max-video-preview:-1"},"canonical":"https:\/\/ikosz.hu\/kapcsolat\/","og_locale":"en_US","og_type":"article","og_title":"Contact - ikosz","og_description":"&nbsp; Presidency contact details &nbsp; Ferenc FedorPresident fedor.ferenc@geochem-ltd.eu +36 30 689 3103 &nbsp; Mikl\u00f3s SomogyiSecretary Generalsomogyi@chic.hu+36 30 207 5638 &nbsp; [&hellip;]","og_url":"https:\/\/ikosz.hu\/kapcsolat\/","og_site_name":"ikosz","article_modified_time":"2025-11-27T09:18:20+00:00","twitter_card":"summary_large_image","twitter_misc":{"Est. reading time":"1 minute"},"schema":{"@context":"https:\/\/schema.org","@graph":[{"@type":"WebPage","@id":"https:\/\/ikosz.hu\/kapcsolat\/","url":"https:\/\/ikosz.hu\/kapcsolat\/","name":"[:hu]Kapcsolat[:en]Contact[:] - ikosz","isPartOf":{"@id":"https:\/\/ikosz.hu\/en\/#website"},"datePublished":"2021-05-12T10:59:09+00:00","dateModified":"2025-11-27T09:18:20+00:00","inLanguage":"en-US","potentialAction":[{"@type":"ReadAction","target":["https:\/\/ikosz.hu\/kapcsolat\/"]}]},{"@type":"WebSite","@id":"https:\/\/ikosz.hu\/en\/#website","url":"https:\/\/ikosz.hu\/en\/","name":"ikosz","description":"Innovat\u00edv Klaszterek Orsz\u00e1gos Sz\u00f6vets\u00e9ge","potentialAction":[{"@type":"SearchAction","target":{"@type":"EntryPoint","urlTemplate":"https:\/\/ikosz.hu\/en\/?s={search_term_string}"},"query-input":{"@type":"PropertyValueSpecification","valueRequired":true,"valueName":"search_term_string"}}],"inLanguage":"en-US"}]}},"_links":{"self":[{"href":"https:\/\/ikosz.hu\/en\/wp-json\/wp\/v2\/pages\/43","targetHints":{"allow":["GET"]}}],"collection":[{"href":"https:\/\/ikosz.hu\/en\/wp-json\/wp\/v2\/pages"}],"about":[{"href":"https:\/\/ikosz.hu\/en\/wp-json\/wp\/v2\/types\/page"}],"author":[{"embeddable":true,"href":"https:\/\/ikosz.hu\/en\/wp-json\/wp\/v2\/users\/1"}],"replies":[{"embeddable":true,"href":"https:\/\/ikosz.hu\/en\/wp-json\/wp\/v2\/comments?post=43"}],"version-history":[{"count":22,"href":"https:\/\/ikosz.hu\/en\/wp-json\/wp\/v2\/pages\/43\/revisions"}],"predecessor-version":[{"id":880,"href":"https:\/\/ikosz.hu\/en\/wp-json\/wp\/v2\/pages\/43\/revisions\/880"}],"wp:attachment":[{"href":"https:\/\/ikosz.hu\/en\/wp-json\/wp\/v2\/media?parent=43"}],"curies":[{"name":"wp","href":"https:\/\/api.w.org\/{rel}","templated":true}]}}