{"id":39,"date":"2021-05-12T10:58:44","date_gmt":"2021-05-12T10:58:44","guid":{"rendered":"http:\/\/ikosz.hu\/?page_id=39"},"modified":"2021-08-09T07:58:01","modified_gmt":"2021-08-09T07:58:01","slug":"szolgaltatasok","status":"publish","type":"page","link":"https:\/\/ikosz.hu\/en\/szolgaltatasok\/","title":{"rendered":"Services"},"content":{"rendered":"<p class=\"qtranxs-available-languages-message qtranxs-available-languages-message-en\">Sorry, this entry is only available in <a href=\"https:\/\/ikosz.hu\/hu\/wp-json\/wp\/v2\/pages\/39\" class=\"qtranxs-available-language-link qtranxs-available-language-link-hu\" title=\"Magyar\">Magyar<\/a>.<\/p>","protected":false},"excerpt":{"rendered":"<p>Sorry, this entry is only available in Magyar.<\/p>\n","protected":false},"author":1,"featured_media":0,"parent":0,"menu_order":0,"comment_status":"closed","ping_status":"closed","template":"template-szolgaltatasok.php","meta":{"_acf_changed":false,"footnotes":""},"class_list":["post-39","page","type-page","status-publish","hentry"],"acf":[],"yoast_head":"<!-- This site is optimized with the Yoast SEO plugin v27.3 - https:\/\/yoast.com\/product\/yoast-seo-wordpress\/ -->\n<title>Services - ikosz<\/title>\n<meta name=\"robots\" content=\"index, follow, max-snippet:-1, max-image-preview:large, max-video-preview:-1\" \/>\n<link rel=\"canonical\" href=\"https:\/\/ikosz.hu\/szolgaltatasok\/\" \/>\n<meta property=\"og:locale\" content=\"en_US\" \/>\n<meta property=\"og:type\" content=\"article\" \/>\n<meta property=\"og:title\" content=\"Services - ikosz\" \/>\n<meta property=\"og:description\" content=\"Sorry, this entry is only available in Magyar.\" \/>\n<meta property=\"og:url\" content=\"https:\/\/ikosz.hu\/szolgaltatasok\/\" \/>\n<meta property=\"og:site_name\" content=\"ikosz\" \/>\n<meta property=\"article:modified_time\" content=\"2021-08-09T07:58:01+00:00\" \/>\n<meta name=\"twitter:card\" content=\"summary_large_image\" \/>\n<script type=\"application\/ld+json\" class=\"yoast-schema-graph\">{\"@context\":\"https:\\\/\\\/schema.org\",\"@graph\":[{\"@type\":\"WebPage\",\"@id\":\"https:\\\/\\\/ikosz.hu\\\/szolgaltatasok\\\/\",\"url\":\"https:\\\/\\\/ikosz.hu\\\/szolgaltatasok\\\/\",\"name\":\"[:hu]Szolg\u00e1ltat\u00e1sok[:en]Services[:] - ikosz\",\"isPartOf\":{\"@id\":\"https:\\\/\\\/ikosz.hu\\\/en\\\/#website\"},\"datePublished\":\"2021-05-12T10:58:44+00:00\",\"dateModified\":\"2021-08-09T07:58:01+00:00\",\"inLanguage\":\"en-US\",\"potentialAction\":[{\"@type\":\"ReadAction\",\"target\":[\"https:\\\/\\\/ikosz.hu\\\/szolgaltatasok\\\/\"]}]},{\"@type\":\"WebSite\",\"@id\":\"https:\\\/\\\/ikosz.hu\\\/en\\\/#website\",\"url\":\"https:\\\/\\\/ikosz.hu\\\/en\\\/\",\"name\":\"ikosz\",\"description\":\"Innovat\u00edv Klaszterek Orsz\u00e1gos Sz\u00f6vets\u00e9ge\",\"potentialAction\":[{\"@type\":\"SearchAction\",\"target\":{\"@type\":\"EntryPoint\",\"urlTemplate\":\"https:\\\/\\\/ikosz.hu\\\/en\\\/?s={search_term_string}\"},\"query-input\":{\"@type\":\"PropertyValueSpecification\",\"valueRequired\":true,\"valueName\":\"search_term_string\"}}],\"inLanguage\":\"en-US\"}]}<\/script>\n<!-- \/ Yoast SEO plugin. -->","yoast_head_json":{"title":"Services - ikosz","robots":{"index":"index","follow":"follow","max-snippet":"max-snippet:-1","max-image-preview":"max-image-preview:large","max-video-preview":"max-video-preview:-1"},"canonical":"https:\/\/ikosz.hu\/szolgaltatasok\/","og_locale":"en_US","og_type":"article","og_title":"Services - ikosz","og_description":"Sorry, this entry is only available in Magyar.","og_url":"https:\/\/ikosz.hu\/szolgaltatasok\/","og_site_name":"ikosz","article_modified_time":"2021-08-09T07:58:01+00:00","twitter_card":"summary_large_image","schema":{"@context":"https:\/\/schema.org","@graph":[{"@type":"WebPage","@id":"https:\/\/ikosz.hu\/szolgaltatasok\/","url":"https:\/\/ikosz.hu\/szolgaltatasok\/","name":"[:hu]Szolg\u00e1ltat\u00e1sok[:en]Services[:] - ikosz","isPartOf":{"@id":"https:\/\/ikosz.hu\/en\/#website"},"datePublished":"2021-05-12T10:58:44+00:00","dateModified":"2021-08-09T07:58:01+00:00","inLanguage":"en-US","potentialAction":[{"@type":"ReadAction","target":["https:\/\/ikosz.hu\/szolgaltatasok\/"]}]},{"@type":"WebSite","@id":"https:\/\/ikosz.hu\/en\/#website","url":"https:\/\/ikosz.hu\/en\/","name":"ikosz","description":"Innovat\u00edv Klaszterek Orsz\u00e1gos Sz\u00f6vets\u00e9ge","potentialAction":[{"@type":"SearchAction","target":{"@type":"EntryPoint","urlTemplate":"https:\/\/ikosz.hu\/en\/?s={search_term_string}"},"query-input":{"@type":"PropertyValueSpecification","valueRequired":true,"valueName":"search_term_string"}}],"inLanguage":"en-US"}]}},"_links":{"self":[{"href":"https:\/\/ikosz.hu\/en\/wp-json\/wp\/v2\/pages\/39","targetHints":{"allow":["GET"]}}],"collection":[{"href":"https:\/\/ikosz.hu\/en\/wp-json\/wp\/v2\/pages"}],"about":[{"href":"https:\/\/ikosz.hu\/en\/wp-json\/wp\/v2\/types\/page"}],"author":[{"embeddable":true,"href":"https:\/\/ikosz.hu\/en\/wp-json\/wp\/v2\/users\/1"}],"replies":[{"embeddable":true,"href":"https:\/\/ikosz.hu\/en\/wp-json\/wp\/v2\/comments?post=39"}],"version-history":[{"count":3,"href":"https:\/\/ikosz.hu\/en\/wp-json\/wp\/v2\/pages\/39\/revisions"}],"predecessor-version":[{"id":468,"href":"https:\/\/ikosz.hu\/en\/wp-json\/wp\/v2\/pages\/39\/revisions\/468"}],"wp:attachment":[{"href":"https:\/\/ikosz.hu\/en\/wp-json\/wp\/v2\/media?parent=39"}],"curies":[{"name":"wp","href":"https:\/\/api.w.org\/{rel}","templated":true}]}}