{"id":116,"date":"2021-05-19T10:25:52","date_gmt":"2021-05-19T10:25:52","guid":{"rendered":"http:\/\/ikosz.hu\/?page_id=116"},"modified":"2024-09-26T09:44:07","modified_gmt":"2024-09-26T09:44:07","slug":"letoltesek","status":"publish","type":"page","link":"https:\/\/ikosz.hu\/en\/letoltesek\/","title":{"rendered":"Downloads"},"content":{"rendered":"<h2>Company documents<\/h2>\r\n<p><a href=\"https:\/\/ikosz.hu\/wp-content\/uploads\/2024\/09\/IKOSZ-Introduction-EN.docx\">IKOSZ-Introduction-EN<\/a><\/p>\r\n<p>&nbsp;<\/p>\r\n<h2>Cluster Documents<\/h2>\r\n<p><a href=\"https:\/\/ikosz.hu\/wp-content\/uploads\/2024\/09\/Entry-document-IKOSZ-EN.docx\">Entry-document-IKOSZ-EN<\/a><\/p>\r\n<p><a href=\"https:\/\/ikosz.hu\/wp-content\/uploads\/2024\/09\/Entry-document-annex-1.xlsx\">Entry-document-annex-1<\/a><\/p>","protected":false},"excerpt":{"rendered":"<p>Company documents IKOSZ-Introduction-EN &nbsp; Cluster Documents Entry-document-IKOSZ-EN Entry-document-annex-1<\/p>\n","protected":false},"author":1,"featured_media":0,"parent":0,"menu_order":0,"comment_status":"closed","ping_status":"closed","template":"template-letoltesek.php","meta":{"_acf_changed":false,"footnotes":""},"class_list":["post-116","page","type-page","status-publish","hentry"],"acf":[],"yoast_head":"<!-- This site is optimized with the Yoast SEO plugin v27.3 - https:\/\/yoast.com\/product\/yoast-seo-wordpress\/ -->\n<title>Downloads - ikosz<\/title>\n<meta name=\"robots\" content=\"index, follow, max-snippet:-1, max-image-preview:large, max-video-preview:-1\" \/>\n<link rel=\"canonical\" href=\"https:\/\/ikosz.hu\/letoltesek\/\" \/>\n<meta property=\"og:locale\" content=\"en_US\" \/>\n<meta property=\"og:type\" content=\"article\" \/>\n<meta property=\"og:title\" content=\"Downloads - ikosz\" \/>\n<meta property=\"og:description\" content=\"Company documents IKOSZ-Introduction-EN &nbsp; Cluster Documents Entry-document-IKOSZ-EN Entry-document-annex-1\" \/>\n<meta property=\"og:url\" content=\"https:\/\/ikosz.hu\/letoltesek\/\" \/>\n<meta property=\"og:site_name\" content=\"ikosz\" \/>\n<meta property=\"article:modified_time\" content=\"2024-09-26T09:44:07+00:00\" \/>\n<meta name=\"twitter:card\" content=\"summary_large_image\" \/>\n<meta name=\"twitter:label1\" content=\"Est. reading time\" \/>\n\t<meta name=\"twitter:data1\" content=\"1 minute\" \/>\n<script type=\"application\/ld+json\" class=\"yoast-schema-graph\">{\"@context\":\"https:\\\/\\\/schema.org\",\"@graph\":[{\"@type\":\"WebPage\",\"@id\":\"https:\\\/\\\/ikosz.hu\\\/letoltesek\\\/\",\"url\":\"https:\\\/\\\/ikosz.hu\\\/letoltesek\\\/\",\"name\":\"[:hu]Let\u00f6lt\u00e9sek[:en]Downloads[:] - ikosz\",\"isPartOf\":{\"@id\":\"https:\\\/\\\/ikosz.hu\\\/en\\\/#website\"},\"datePublished\":\"2021-05-19T10:25:52+00:00\",\"dateModified\":\"2024-09-26T09:44:07+00:00\",\"inLanguage\":\"en-US\",\"potentialAction\":[{\"@type\":\"ReadAction\",\"target\":[\"https:\\\/\\\/ikosz.hu\\\/letoltesek\\\/\"]}]},{\"@type\":\"WebSite\",\"@id\":\"https:\\\/\\\/ikosz.hu\\\/en\\\/#website\",\"url\":\"https:\\\/\\\/ikosz.hu\\\/en\\\/\",\"name\":\"ikosz\",\"description\":\"Innovat\u00edv Klaszterek Orsz\u00e1gos Sz\u00f6vets\u00e9ge\",\"potentialAction\":[{\"@type\":\"SearchAction\",\"target\":{\"@type\":\"EntryPoint\",\"urlTemplate\":\"https:\\\/\\\/ikosz.hu\\\/en\\\/?s={search_term_string}\"},\"query-input\":{\"@type\":\"PropertyValueSpecification\",\"valueRequired\":true,\"valueName\":\"search_term_string\"}}],\"inLanguage\":\"en-US\"}]}<\/script>\n<!-- \/ Yoast SEO plugin. -->","yoast_head_json":{"title":"Downloads - ikosz","robots":{"index":"index","follow":"follow","max-snippet":"max-snippet:-1","max-image-preview":"max-image-preview:large","max-video-preview":"max-video-preview:-1"},"canonical":"https:\/\/ikosz.hu\/letoltesek\/","og_locale":"en_US","og_type":"article","og_title":"Downloads - ikosz","og_description":"Company documents IKOSZ-Introduction-EN &nbsp; Cluster Documents Entry-document-IKOSZ-EN Entry-document-annex-1","og_url":"https:\/\/ikosz.hu\/letoltesek\/","og_site_name":"ikosz","article_modified_time":"2024-09-26T09:44:07+00:00","twitter_card":"summary_large_image","twitter_misc":{"Est. reading time":"1 minute"},"schema":{"@context":"https:\/\/schema.org","@graph":[{"@type":"WebPage","@id":"https:\/\/ikosz.hu\/letoltesek\/","url":"https:\/\/ikosz.hu\/letoltesek\/","name":"[:hu]Let\u00f6lt\u00e9sek[:en]Downloads[:] - ikosz","isPartOf":{"@id":"https:\/\/ikosz.hu\/en\/#website"},"datePublished":"2021-05-19T10:25:52+00:00","dateModified":"2024-09-26T09:44:07+00:00","inLanguage":"en-US","potentialAction":[{"@type":"ReadAction","target":["https:\/\/ikosz.hu\/letoltesek\/"]}]},{"@type":"WebSite","@id":"https:\/\/ikosz.hu\/en\/#website","url":"https:\/\/ikosz.hu\/en\/","name":"ikosz","description":"Innovat\u00edv Klaszterek Orsz\u00e1gos Sz\u00f6vets\u00e9ge","potentialAction":[{"@type":"SearchAction","target":{"@type":"EntryPoint","urlTemplate":"https:\/\/ikosz.hu\/en\/?s={search_term_string}"},"query-input":{"@type":"PropertyValueSpecification","valueRequired":true,"valueName":"search_term_string"}}],"inLanguage":"en-US"}]}},"_links":{"self":[{"href":"https:\/\/ikosz.hu\/en\/wp-json\/wp\/v2\/pages\/116","targetHints":{"allow":["GET"]}}],"collection":[{"href":"https:\/\/ikosz.hu\/en\/wp-json\/wp\/v2\/pages"}],"about":[{"href":"https:\/\/ikosz.hu\/en\/wp-json\/wp\/v2\/types\/page"}],"author":[{"embeddable":true,"href":"https:\/\/ikosz.hu\/en\/wp-json\/wp\/v2\/users\/1"}],"replies":[{"embeddable":true,"href":"https:\/\/ikosz.hu\/en\/wp-json\/wp\/v2\/comments?post=116"}],"version-history":[{"count":13,"href":"https:\/\/ikosz.hu\/en\/wp-json\/wp\/v2\/pages\/116\/revisions"}],"predecessor-version":[{"id":796,"href":"https:\/\/ikosz.hu\/en\/wp-json\/wp\/v2\/pages\/116\/revisions\/796"}],"wp:attachment":[{"href":"https:\/\/ikosz.hu\/en\/wp-json\/wp\/v2\/media?parent=116"}],"curies":[{"name":"wp","href":"https:\/\/api.w.org\/{rel}","templated":true}]}}